{"id":408,"date":"2025-11-22T15:51:54","date_gmt":"2025-11-22T14:51:54","guid":{"rendered":"https:\/\/art-des-sens-spa.fr\/?page_id=408"},"modified":"2025-11-23T11:15:24","modified_gmt":"2025-11-23T10:15:24","slug":"acceuil-3","status":"publish","type":"page","link":"https:\/\/art-des-sens-spa.fr\/","title":{"rendered":"Acceuil"},"content":{"rendered":"<div class=\"et_pb_section_0 et_pb_section et_section_regular et_block_section preset--module--divi-section--8559ffaf-180d-4a1f-a84e-75e7ecf1f617\">\n<div class=\"et_pb_row_0 et_pb_row et_pb_gutters3 et_block_row\">\n<div class=\"et_pb_column_0 et_pb_column et_pb_column_4_4 et-last-child et_block_column et_pb_css_mix_blend_mode_passthrough\">\n<div class=\"et_pb_heading_0 et_pb_heading et_pb_module et_block_module preset--module--divi-heading--cbae0703-90c7-42dd-9119-a04a26425a63\"><div class=\"et_pb_heading_container\"><h4 class=\"et_pb_module_header\">Art des sens spa<\/h4><\/div><\/div>\n\n<div class=\"et_pb_divider_0 et_pb_divider et_pb_space et_pb_divider_position_bottom et_pb_module preset--module--divi-divider--default\"><div class=\"et_pb_divider_internal\"><\/div><\/div>\n\n<div class=\"et_pb_divider_1 et_pb_divider_hidden et_pb_space et_pb_divider_position_top et_pb_module preset--module--divi-divider--default\"><div class=\"et_pb_divider_internal\"><\/div><\/div>\n\n<div class=\"et_pb_heading_1 et_pb_heading et_pb_module et_block_module preset--module--divi-heading--089f8464-245a-4784-a66a-95cae053accc\"><div class=\"et_pb_heading_container\"><h1 class=\"et_pb_module_header\">Un nom, unlieu une multitude de service<\/h1><\/div><\/div>\n\n<div class=\"et_pb_heading_2 et_pb_heading et_pb_module et_block_module preset--module--divi-heading--52d916a1-cdc0-4ec2-a0a0-25d73cae6947\"><div class=\"et_pb_heading_container\"><h5 class=\"et_pb_module_header\">depuis 2008 art des sens est votre partenaire bien \u00eatre<\/h5><\/div><\/div>\n\n<div class=\"et_pb_module et_pb_button_module_wrapper et_pb_button_0_wrapper preset--group--divi-button--divi-button--default_wrapper preset--module--divi-button--default_wrapper\"><a class=\"et_pb_button_0 et_pb_button et_pb_bg_layout_light et_pb_module et_block_module preset--group--divi-button--divi-button--default preset--module--divi-button--default\" href=\"\">Un rendez vous institut<\/a><\/div>\n\n<div class=\"et_pb_module et_pb_button_module_wrapper et_pb_button_1_wrapper preset--group--divi-button--divi-button--default_wrapper preset--module--divi-button--default_wrapper\"><a class=\"et_pb_button_1 et_pb_button et_pb_bg_layout_light et_pb_module et_block_module preset--group--divi-button--divi-button--default preset--module--divi-button--default\" href=\"\">Une nuitee espace bien-etre<\/a><\/div>\n<\/div>\n<\/div>\n<\/div>\n\n<div class=\"et_pb_section_1 et_pb_section et_section_regular et_block_section preset--module--divi-section--default\">\n<div class=\"et_pb_row_1 et_pb_row et_flex_row\">\n<div class=\"et_pb_column_1 et_pb_column et_flex_column et_pb_css_mix_blend_mode_passthrough et_flex_column_24_24 et_flex_column_24_24_tablet et_flex_column_24_24_phone\">\n<div class=\"et_pb_blurb_0 et_pb_blurb et_pb_bg_layout_dark et_pb_text_align_center et_pb_blurb_position_left et_pb_module et_block_module preset--module--divi-blurb--default\"><div class=\"et_pb_blurb_content\"><div class=\"et_pb_main_blurb_image\"><span class=\"et_pb_image_wrap\"><span class=\"et-pb-icon et-waypoint et_pb_animation_off et_pb_animation_off_tablet et_pb_animation_off_phone\">\uf6ad<\/span><\/span><\/div><div class=\"et_pb_blurb_container\"><h4 class=\"et_pb_module_header\">Institut de beaute<\/h4><div class=\"et_pb_blurb_description\"><p>Onglerie, soins du corps, soins du visage retrouvez l&#8217;int\u00e9gralit\u00e9 de nos services dans la cat\u00e9gorie &#8220;institut de beaut\u00e9<\/p>\n<\/div><\/div><\/div><\/div>\n<\/div>\n\n<div class=\"et_pb_column_2 et_pb_column et_flex_column et_pb_css_mix_blend_mode_passthrough et_flex_column_24_24 et_flex_column_24_24_tablet et_flex_column_24_24_phone\">\n<div class=\"et_pb_blurb_1 et_pb_blurb et_pb_bg_layout_dark et_pb_text_align_center et_pb_blurb_position_left et_pb_module et_block_module preset--module--divi-blurb--default\"><div class=\"et_pb_blurb_content\"><div class=\"et_pb_main_blurb_image\"><span class=\"et_pb_image_wrap\"><span class=\"et-pb-icon et-waypoint et_pb_animation_off et_pb_animation_off_tablet et_pb_animation_off_phone\">7<\/span><\/span><\/div><div class=\"et_pb_blurb_container\"><h4 class=\"et_pb_module_header\">spa &#8211; espace bien-etre<\/h4><div class=\"et_pb_blurb_description\"><p>Envie d&#8217;une pause de douceur dans votre journ\u00e9e, venez profitez de notre espace bien-\u00eatre. Spa de gamme professionnel 87 jets et sauna infrarouges<\/p>\n<\/div><\/div><\/div><\/div>\n<\/div>\n\n<div class=\"et_pb_column_3 et_pb_column et_flex_column et_pb_css_mix_blend_mode_passthrough et_flex_column_24_24 et_flex_column_24_24_tablet et_flex_column_24_24_phone\">\n<div class=\"et_pb_blurb_2 et_pb_blurb et_pb_bg_layout_dark et_pb_text_align_center et_pb_blurb_position_left et_pb_module et_block_module preset--module--divi-blurb--default\"><div class=\"et_pb_blurb_content\"><div class=\"et_pb_main_blurb_image\"><span class=\"et_pb_image_wrap\"><span class=\"et-pb-icon et-waypoint et_pb_animation_off et_pb_animation_off_tablet et_pb_animation_off_phone\">\uf0b1<\/span><\/span><\/div><div class=\"et_pb_blurb_container\"><h4 class=\"et_pb_module_header\">une nuit chez art des sens<\/h4><div class=\"et_pb_blurb_description\" data-et-multi-view-load-tablet-hidden=\"true\" data-et-multi-view-load-phone-hidden=\"true\"><p style=\"text-align: center;\">Vous souhaitez profitez de notre esapce bien-\u00eatre ? Nous vous acceuillons en nuit\u00e9e avec studio \u00e9quip\u00e9<\/p>\n<\/div><\/div><\/div><\/div>\n<\/div>\n\n<div class=\"et_pb_column_4 et_pb_column et-last-child et_flex_column et_pb_css_mix_blend_mode_passthrough et_flex_column_24_24 et_flex_column_24_24_tablet et_flex_column_24_24_phone\">\n<div class=\"et_pb_blurb_3 et_pb_blurb et_pb_bg_layout_dark et_pb_text_align_center et_pb_blurb_position_left et_pb_module et_block_module preset--module--divi-blurb--default\"><div class=\"et_pb_blurb_content\"><div class=\"et_pb_main_blurb_image\"><span class=\"et_pb_image_wrap\"><span class=\"et-pb-icon et-waypoint et_pb_animation_off et_pb_animation_off_tablet et_pb_animation_off_phone\">\uf0b1<\/span><\/span><\/div><div class=\"et_pb_blurb_container\"><h4 class=\"et_pb_module_header\" data-et-multi-view-load-phone-hidden=\"true\">carte cadeau<\/h4><div class=\"et_pb_blurb_description\"><p>Soyez sur de faire plaisir avec la carte cadeau Art des Sens<\/p>\n<\/div><\/div><\/div><\/div>\n<\/div>\n<\/div>\n<\/div>\n\n<div class=\"et_pb_section_2 et_pb_section et_section_specialty et_pb_gutters3 et_block_section\"><div class=\"et_pb_row et_block_row\">\n<div class=\"et_pb_column_5 et_pb_column et_pb_specialty_column et_pb_column_1_2 et_block_column et_pb_css_mix_blend_mode_passthrough\">\n<div class=\"et_pb_row_inner_0 et_pb_row_inner et_pb_gutters1 et_block_row\">\n<div class=\"et_pb_column_inner_0 et_pb_column_inner et_pb_column et_pb_column_1_4 et_block_column et_pb_css_mix_blend_mode_passthrough\">\n<div class=\"et_pb_image_0 et_pb_image et_pb_module et_block_module\"><span class=\"et_pb_image_wrap\"><img fetchpriority=\"high\" fetchpriority=\"high\" decoding=\"async\" src=\"http:\/\/art-des-sens-spa.fr\/wp-content\/uploads\/2024\/06\/IMG_4606.jpg\" width=\"1536\" height=\"2048\" srcset=\"https:\/\/art-des-sens-spa.fr\/wp-content\/uploads\/2024\/06\/IMG_4606.jpg 1536w, https:\/\/art-des-sens-spa.fr\/wp-content\/uploads\/2024\/06\/IMG_4606-600x800.jpg 600w, https:\/\/art-des-sens-spa.fr\/wp-content\/uploads\/2024\/06\/IMG_4606-225x300.jpg 225w, https:\/\/art-des-sens-spa.fr\/wp-content\/uploads\/2024\/06\/IMG_4606-768x1024.jpg 768w, https:\/\/art-des-sens-spa.fr\/wp-content\/uploads\/2024\/06\/IMG_4606-1152x1536.jpg 1152w, https:\/\/art-des-sens-spa.fr\/wp-content\/uploads\/2024\/06\/IMG_4606-45x60.jpg 45w\" sizes=\"(max-width: 1536px) 100vw, 1536px\" class=\"wp-image-156\" title=\"attorney-9\" \/><\/span><\/div>\n<\/div>\n\n<div class=\"et_pb_column_inner_1 et_pb_column_inner et_pb_column et_pb_column_1_4 et-last-child et_block_column et_pb_css_mix_blend_mode_passthrough\">\n<div class=\"et_pb_image_1 et_pb_image et_pb_module et_block_module\"><span class=\"et_pb_image_wrap\"><img decoding=\"async\" src=\"http:\/\/art-des-sens-spa.fr\/wp-content\/uploads\/2024\/06\/IMG_4608.jpg\" width=\"1536\" height=\"2048\" srcset=\"https:\/\/art-des-sens-spa.fr\/wp-content\/uploads\/2024\/06\/IMG_4608.jpg 1536w, https:\/\/art-des-sens-spa.fr\/wp-content\/uploads\/2024\/06\/IMG_4608-600x800.jpg 600w, https:\/\/art-des-sens-spa.fr\/wp-content\/uploads\/2024\/06\/IMG_4608-225x300.jpg 225w, https:\/\/art-des-sens-spa.fr\/wp-content\/uploads\/2024\/06\/IMG_4608-768x1024.jpg 768w, https:\/\/art-des-sens-spa.fr\/wp-content\/uploads\/2024\/06\/IMG_4608-1152x1536.jpg 1152w, https:\/\/art-des-sens-spa.fr\/wp-content\/uploads\/2024\/06\/IMG_4608-45x60.jpg 45w\" sizes=\"(max-width: 1536px) 100vw, 1536px\" class=\"wp-image-154\" title=\"attorney-10\" \/><\/span><\/div>\n<\/div>\n<\/div>\n<\/div>\n\n<div class=\"et_pb_column_6 et_pb_column et_pb_column_single et_pb_column_1_2 et-last-child et_block_column et_pb_css_mix_blend_mode_passthrough\">\n<div class=\"et_pb_heading_3 et_pb_heading et_pb_module et_block_module preset--module--divi-heading--default\"><div class=\"et_pb_heading_container\"><h2 class=\"et_pb_module_header\">L&#8217;institut de beaute<\/h2><\/div><\/div>\n\n<div class=\"et_pb_divider_2 et_pb_divider et_pb_space et_pb_divider_position_bottom et_pb_module preset--module--divi-divider--default\"><div class=\"et_pb_divider_internal\"><\/div><\/div>\n\n<div class=\"et_pb_divider_3 et_pb_divider_hidden et_pb_space et_pb_divider_position_top et_pb_module preset--module--divi-divider--default\"><div class=\"et_pb_divider_internal\"><\/div><\/div>\n\n<div class=\"et_pb_text_0 et_pb_text et_pb_bg_layout_light et_pb_module et_block_module preset--module--divi-text--default\"><div class=\"et_pb_text_inner\" data-et-multi-view-load-tablet-hidden=\"true\" data-et-multi-view-load-phone-hidden=\"true\"><p>Fond\u00e9 en 2008 &#8230;<\/p>\n<\/div><\/div>\n\n<div class=\"et_pb_blurb_4 et_pb_blurb et_pb_bg_layout_dark et_pb_text_align_left et_pb_blurb_position_left et_pb_module et_block_module preset--module--divi-blurb--84ac642f-fdec-4041-9f95-2a99d64c7dc8\"><div class=\"et_pb_blurb_content\"><div class=\"et_pb_main_blurb_image\"><span class=\"et_pb_image_wrap\"><span class=\"et-pb-icon et-waypoint et_pb_animation_off et_pb_animation_off_tablet et_pb_animation_off_phone\">N<\/span><\/span><\/div><div class=\"et_pb_blurb_container\"><h4 class=\"et_pb_module_header\">un lien unique avec votre estheticienne<\/h4><\/div><\/div><\/div>\n\n<div class=\"et_pb_blurb_5 et_pb_blurb et_pb_bg_layout_dark et_pb_text_align_left et_pb_blurb_position_left et_pb_module et_block_module preset--module--divi-blurb--84ac642f-fdec-4041-9f95-2a99d64c7dc8\"><div class=\"et_pb_blurb_content\"><div class=\"et_pb_main_blurb_image\"><span class=\"et_pb_image_wrap\"><span class=\"et-pb-icon et-waypoint et_pb_animation_off et_pb_animation_off_tablet et_pb_animation_off_phone\">N<\/span><\/span><\/div><div class=\"et_pb_blurb_container\"><h4 class=\"et_pb_module_header\">une qualite irreprochable<\/h4><\/div><\/div><\/div>\n\n<div class=\"et_pb_blurb_6 et_pb_blurb et_pb_bg_layout_dark et_pb_text_align_left et_pb_blurb_position_left et_pb_module et_block_module preset--module--divi-blurb--84ac642f-fdec-4041-9f95-2a99d64c7dc8\"><div class=\"et_pb_blurb_content\"><div class=\"et_pb_main_blurb_image\"><span class=\"et_pb_image_wrap\"><span class=\"et-pb-icon et-waypoint et_pb_animation_off et_pb_animation_off_tablet et_pb_animation_off_phone\">N<\/span><\/span><\/div><div class=\"et_pb_blurb_container\"><h4 class=\"et_pb_module_header\">des produits de qualite<\/h4><\/div><\/div><\/div>\n\n<div class=\"et_pb_module et_pb_button_module_wrapper et_pb_button_2_wrapper preset--group--divi-button--divi-button--default_wrapper preset--module--divi-button--28e3442f-821c-4134-bc2f-85094d727a93_wrapper\"><a class=\"et_pb_button_2 et_pb_button et_pb_bg_layout_light et_pb_module et_block_module preset--group--divi-button--divi-button--default preset--module--divi-button--28e3442f-821c-4134-bc2f-85094d727a93\" href=\"\">En savoir plus<\/a><\/div>\n<\/div>\n<\/div><\/div>\n\n<div class=\"et_pb_section_3 et_pb_section et_section_regular et_block_section preset--module--divi-section--default\">\n<div class=\"et_pb_row_2 et_pb_row et_pb_equal_columns et_pb_gutters3 et_block_row\">\n<div class=\"et_pb_column_7 et_pb_column et_pb_column_2_5 et_block_column et_pb_css_mix_blend_mode_passthrough\">\n<div class=\"et_pb_heading_4 et_pb_heading et_pb_module et_block_module preset--module--divi-heading--default\"><div class=\"et_pb_heading_container\"><h2 class=\"et_pb_module_header\">Espace bien-etre<\/h2><\/div><\/div>\n\n<div class=\"et_pb_divider_4 et_pb_divider et_pb_space et_pb_divider_position_bottom et_pb_module preset--module--divi-divider--default\"><div class=\"et_pb_divider_internal\"><\/div><\/div>\n\n<div class=\"et_pb_divider_5 et_pb_divider_hidden et_pb_space et_pb_divider_position_top et_pb_module preset--module--divi-divider--default\"><div class=\"et_pb_divider_internal\"><\/div><\/div>\n\n<div class=\"et_pb_text_1 et_pb_text et_pb_bg_layout_light et_pb_module et_block_module preset--module--divi-text--default\"><div class=\"et_pb_text_inner\" data-et-multi-view-load-phone-hidden=\"true\"><p>Plus qu&#8217;un espace bien-\u00eatre, un havre de paix<\/p>\n<\/div><\/div>\n\n<div class=\"et_pb_module et_pb_button_module_wrapper et_pb_button_3_wrapper preset--group--divi-button--divi-button--default_wrapper preset--module--divi-button--28e3442f-821c-4134-bc2f-85094d727a93_wrapper\"><a class=\"et_pb_button_3 et_pb_button et_pb_bg_layout_light et_pb_module et_block_module preset--group--divi-button--divi-button--default preset--module--divi-button--28e3442f-821c-4134-bc2f-85094d727a93\" href=\"\">en savoir plus<\/a><\/div>\n<\/div>\n\n<div class=\"et_pb_column_8 et_pb_column et_pb_column_3_5 et-last-child et_block_column et_pb_css_mix_blend_mode_passthrough\">\n<div class=\"et_pb_divider_6 et_pb_divider_hidden et_pb_space et_pb_divider_position_top et_pb_module preset--module--divi-divider--default\"><div class=\"et_pb_divider_internal\"><\/div><\/div>\n<\/div>\n<\/div>\n<\/div>\n\n<div class=\"et_pb_section_4 et_pb_section et_section_specialty et_pb_gutters3 et_block_section\"><div class=\"et_pb_row et_block_row\">\n<div class=\"et_pb_column_9 et_pb_column et_pb_specialty_column et_pb_column_1_2 et_block_column et_pb_css_mix_blend_mode_passthrough\">\n<div class=\"et_pb_row_inner_1 et_pb_row_inner et_pb_gutters1 et_block_row\">\n<div class=\"et_pb_column_inner_2 et_pb_column_inner et_pb_column et_pb_column_1_4 et_block_column et_pb_css_mix_blend_mode_passthrough\">\n<div class=\"et_pb_image_2 et_pb_image et_pb_module et_block_module\"><span class=\"et_pb_image_wrap\"><img decoding=\"async\" src=\"http:\/\/art-des-sens-spa.fr\/wp-content\/uploads\/2024\/06\/SPA-SAUNA.png\" width=\"1333\" height=\"2000\" srcset=\"https:\/\/art-des-sens-spa.fr\/wp-content\/uploads\/2024\/06\/SPA-SAUNA.png 1333w, https:\/\/art-des-sens-spa.fr\/wp-content\/uploads\/2024\/06\/SPA-SAUNA-600x900.png 600w, https:\/\/art-des-sens-spa.fr\/wp-content\/uploads\/2024\/06\/SPA-SAUNA-200x300.png 200w, https:\/\/art-des-sens-spa.fr\/wp-content\/uploads\/2024\/06\/SPA-SAUNA-682x1024.png 682w, https:\/\/art-des-sens-spa.fr\/wp-content\/uploads\/2024\/06\/SPA-SAUNA-768x1152.png 768w, https:\/\/art-des-sens-spa.fr\/wp-content\/uploads\/2024\/06\/SPA-SAUNA-1024x1536.png 1024w, https:\/\/art-des-sens-spa.fr\/wp-content\/uploads\/2024\/06\/SPA-SAUNA-40x60.png 40w\" sizes=\"(max-width: 1333px) 100vw, 1333px\" class=\"wp-image-48 wp-image-156\" title=\"attorney-9\" \/><\/span><\/div>\n<\/div>\n\n<div class=\"et_pb_column_inner_3 et_pb_column_inner et_pb_column et_pb_column_1_4 et-last-child et_block_column et_pb_css_mix_blend_mode_passthrough\">\n<div class=\"et_pb_image_3 et_pb_image et_pb_module et_flex_module\"><span class=\"et_pb_image_wrap\"><img loading=\"lazy\" loading=\"lazy\" decoding=\"async\" src=\"http:\/\/art-des-sens-spa.fr\/wp-content\/uploads\/2024\/11\/5.jpg\" width=\"1536\" height=\"2048\" srcset=\"https:\/\/art-des-sens-spa.fr\/wp-content\/uploads\/2024\/11\/5.jpg 1536w, https:\/\/art-des-sens-spa.fr\/wp-content\/uploads\/2024\/11\/5-600x800.jpg 600w, https:\/\/art-des-sens-spa.fr\/wp-content\/uploads\/2024\/11\/5-225x300.jpg 225w, https:\/\/art-des-sens-spa.fr\/wp-content\/uploads\/2024\/11\/5-768x1024.jpg 768w, https:\/\/art-des-sens-spa.fr\/wp-content\/uploads\/2024\/11\/5-1152x1536.jpg 1152w\" sizes=\"(max-width: 1536px) 100vw, 1536px\" class=\"wp-image-211\" \/><\/span><\/div>\n<\/div>\n<\/div>\n<\/div>\n\n<div class=\"et_pb_column_10 et_pb_column et_pb_column_single et_pb_column_1_2 et-last-child et_block_column et_pb_css_mix_blend_mode_passthrough\">\n<div class=\"et_pb_heading_5 et_pb_heading et_pb_module et_block_module preset--module--divi-heading--default\"><div class=\"et_pb_heading_container\"><h2 class=\"et_pb_module_header\">Art des sens en nuitee<\/h2><\/div><\/div>\n\n<div class=\"et_pb_divider_7 et_pb_divider et_pb_space et_pb_divider_position_bottom et_pb_module preset--module--divi-divider--default\"><div class=\"et_pb_divider_internal\"><\/div><\/div>\n\n<div class=\"et_pb_divider_8 et_pb_divider_hidden et_pb_space et_pb_divider_position_top et_pb_module preset--module--divi-divider--default\"><div class=\"et_pb_divider_internal\"><\/div><\/div>\n\n<div class=\"et_pb_text_2 et_pb_text et_pb_bg_layout_light et_pb_module et_block_module preset--module--divi-text--default\"><div class=\"et_pb_text_inner\" data-et-multi-view-load-tablet-hidden=\"true\" data-et-multi-view-load-phone-hidden=\"true\"><p>Votre journ\u00e9e est surcharg\u00e9 ou vous souahitez d\u00e9connect\u00e9 et changer d&#8217;environnement pour une nuit. Vous pouvez profiter de la privatisation de l&#8217;espace bien \u00eatre en nuit\u00e9e et de notre studio\u00a0<\/p>\n<\/div><\/div>\n\n<div class=\"et_pb_blurb_7 et_pb_blurb et_pb_bg_layout_dark et_pb_text_align_left et_pb_blurb_position_left et_pb_module et_block_module preset--module--divi-blurb--84ac642f-fdec-4041-9f95-2a99d64c7dc8\"><div class=\"et_pb_blurb_content\"><div class=\"et_pb_main_blurb_image\"><span class=\"et_pb_image_wrap\"><span class=\"et-pb-icon et-waypoint et_pb_animation_off et_pb_animation_off_tablet et_pb_animation_off_phone\">N<\/span><\/span><\/div><div class=\"et_pb_blurb_container\"><h4 class=\"et_pb_module_header\">une deconnexion assuree<\/h4><\/div><\/div><\/div>\n\n<div class=\"et_pb_blurb_8 et_pb_blurb et_pb_bg_layout_dark et_pb_text_align_left et_pb_blurb_position_left et_pb_module et_block_module preset--module--divi-blurb--84ac642f-fdec-4041-9f95-2a99d64c7dc8\"><div class=\"et_pb_blurb_content\"><div class=\"et_pb_main_blurb_image\"><span class=\"et_pb_image_wrap\"><span class=\"et-pb-icon et-waypoint et_pb_animation_off et_pb_animation_off_tablet et_pb_animation_off_phone\">N<\/span><\/span><\/div><div class=\"et_pb_blurb_container\"><h4 class=\"et_pb_module_header\">des equipements professionnels<\/h4><\/div><\/div><\/div>\n\n<div class=\"et_pb_blurb_9 et_pb_blurb et_pb_bg_layout_dark et_pb_text_align_left et_pb_blurb_position_left et_pb_module et_block_module preset--module--divi-blurb--84ac642f-fdec-4041-9f95-2a99d64c7dc8\"><div class=\"et_pb_blurb_content\"><div class=\"et_pb_main_blurb_image\"><span class=\"et_pb_image_wrap\"><span class=\"et-pb-icon et-waypoint et_pb_animation_off et_pb_animation_off_tablet et_pb_animation_off_phone\">N<\/span><\/span><\/div><div class=\"et_pb_blurb_container\"><h4 class=\"et_pb_module_header\">Une installation aux normes sanitaires<\/h4><\/div><\/div><\/div>\n\n<div class=\"et_pb_module et_pb_button_module_wrapper et_pb_button_4_wrapper preset--group--divi-button--divi-button--default_wrapper preset--module--divi-button--28e3442f-821c-4134-bc2f-85094d727a93_wrapper\"><a class=\"et_pb_button_4 et_pb_button et_pb_bg_layout_light et_pb_module et_block_module preset--group--divi-button--divi-button--default preset--module--divi-button--28e3442f-821c-4134-bc2f-85094d727a93\" href=\"\">En savoir plus<\/a><\/div>\n<\/div>\n<\/div><\/div>\n\n<div class=\"et_pb_section_5 et_pb_section et_section_regular et_block_section preset--module--divi-section--default\">\n<div class=\"et_pb_row_3 et_pb_row et_pb_gutters3 et_block_row preset--module--divi-row--11ecf15d-0058-4356-a7fc-51fc2b755aed\">\n<div class=\"et_pb_column_11 et_pb_column et_pb_column_4_4 et-last-child et_block_column et_pb_css_mix_blend_mode_passthrough preset--module--divi-column--5dcf037c-7b92-4314-ad20-cc77dc88541b\">\n<div class=\"et_pb_heading_6 et_pb_heading et_pb_module et_block_module preset--module--divi-heading--f8138b70-ad37-443f-98f0-c77366ce3936\"><div class=\"et_pb_heading_container\"><h3 class=\"et_pb_module_header\">Appelez nous au :\u00a0<\/h3><\/div><\/div>\n\n<div class=\"et_pb_heading_7 et_pb_heading et_pb_module et_block_module preset--module--divi-heading--089f8464-245a-4784-a66a-95cae053accc\"><div class=\"et_pb_heading_container\"><h2 class=\"et_pb_module_header\">09xxxxxxxx 0610122252test<\/h2><\/div><\/div>\n<\/div>\n<\/div>\n<\/div>\n\n<div class=\"et_pb_section_6 et_pb_section et_section_regular et_block_section preset--module--divi-section--default\">\n<div class=\"et_pb_row_4 et_pb_row et_pb_gutters3 et_block_row\">\n<div class=\"et_pb_column_12 et_pb_column et_pb_column_4_4 et-last-child et_block_column et_pb_css_mix_blend_mode_passthrough\">\n<div class=\"et_pb_slider_0 et_pb_slider et_pb_slider_fullwidth_off et_pb_module et_block_module preset--group--divi-slider--divi-button--default preset--module--divi-slider--default\"><div class=\"et_pb_slides\">\n<div class=\"et_pb_slide_0 et_pb_slide et_pb_media_alignment_center et_pb_bg_layout_dark preset--group--divi-slide--divi-button--default\" data-slide-id=\"divi\/slide-0\"><div class=\"et_pb_container\"><div class=\"et_pb_slider_container_inner\"><div class=\"et_pb_slide_description\"><h2 class=\"et_pb_slide_title\">\u2605\u2605\u2605\u2605\u2605<\/h2><div class=\"et_pb_slide_content\"><p>paupau elle d\u00e9gomme !!!<\/p>\n<\/div><\/div><\/div><\/div><\/div>\n\n<div class=\"et_pb_slide_1 et_pb_slide et_pb_media_alignment_center et_pb_bg_layout_dark preset--group--divi-slide--divi-button--default\" data-slide-id=\"divi\/slide-1\"><div class=\"et_pb_container\"><div class=\"et_pb_slider_container_inner\"><div class=\"et_pb_slide_description\"><h2 class=\"et_pb_slide_title\">\u2605\u2605\u2605\u2605\u2605<\/h2><div class=\"et_pb_slide_content\"><p>ma vie \u00e9tait tellement fade avant<\/p>\n<\/div><\/div><\/div><\/div><\/div>\n\n<div class=\"et_pb_slide_2 et_pb_slide et_pb_media_alignment_center et_pb_bg_layout_dark preset--group--divi-slide--divi-button--default\" data-slide-id=\"divi\/slide-2\"><div class=\"et_pb_container\"><div class=\"et_pb_slider_container_inner\"><div class=\"et_pb_slide_description\"><h2 class=\"et_pb_slide_title\">\u2605\u2605\u2605\u2605\u2605<\/h2><div class=\"et_pb_slide_content\"><p>le paradis<\/p>\n<\/div><\/div><\/div><\/div><\/div>\n<\/div><\/div>\n<\/div>\n<\/div>\n<\/div>","protected":false},"excerpt":{"rendered":"","protected":false},"author":1,"featured_media":0,"parent":0,"menu_order":0,"comment_status":"closed","ping_status":"closed","template":"","meta":{"footnotes":""},"class_list":["post-408","page","type-page","status-publish","hentry"],"jetpack_sharing_enabled":true,"_links":{"self":[{"href":"https:\/\/art-des-sens-spa.fr\/index.php\/wp-json\/wp\/v2\/pages\/408","targetHints":{"allow":["GET"]}}],"collection":[{"href":"https:\/\/art-des-sens-spa.fr\/index.php\/wp-json\/wp\/v2\/pages"}],"about":[{"href":"https:\/\/art-des-sens-spa.fr\/index.php\/wp-json\/wp\/v2\/types\/page"}],"author":[{"embeddable":true,"href":"https:\/\/art-des-sens-spa.fr\/index.php\/wp-json\/wp\/v2\/users\/1"}],"replies":[{"embeddable":true,"href":"https:\/\/art-des-sens-spa.fr\/index.php\/wp-json\/wp\/v2\/comments?post=408"}],"version-history":[{"count":29,"href":"https:\/\/art-des-sens-spa.fr\/index.php\/wp-json\/wp\/v2\/pages\/408\/revisions"}],"predecessor-version":[{"id":635,"href":"https:\/\/art-des-sens-spa.fr\/index.php\/wp-json\/wp\/v2\/pages\/408\/revisions\/635"}],"wp:attachment":[{"href":"https:\/\/art-des-sens-spa.fr\/index.php\/wp-json\/wp\/v2\/media?parent=408"}],"curies":[{"name":"wp","href":"https:\/\/api.w.org\/{rel}","templated":true}]}}