{"id":422,"date":"2025-11-22T15:51:54","date_gmt":"2025-11-22T14:51:54","guid":{"rendered":"https:\/\/art-des-sens-spa.fr\/?page_id=422"},"modified":"2025-11-27T09:11:37","modified_gmt":"2025-11-27T08:11:37","slug":"une-nuitee-chez-art-des-sens","status":"publish","type":"page","link":"https:\/\/art-des-sens-spa.fr\/index.php\/une-nuitee-chez-art-des-sens\/","title":{"rendered":"Une nuit\u00e9e chez Art des sens"},"content":{"rendered":"<div class=\"et_pb_section_0 et_pb_section et_section_regular et_flex_section preset--module--divi-section--default\">\n<div class=\"et_pb_row_0 et_pb_row et_flex_row\">\n<div class=\"et_pb_column_0 et_pb_column et-last-child et_flex_column et_pb_css_mix_blend_mode_passthrough et_flex_column_24_24\">\n<div class=\"et_pb_code_0 et_pb_code et_pb_module\"><div class=\"et_pb_code_inner\"><div class=\"mphb_sc_rooms-wrapper mphb-room-types \">\n<div class=\"mphb-room-type post-694 mphb_room_type type-mphb_room_type status-publish mphb-room-type-adults-2 mphb-room-type-children-1 \">\n\n\t\n\t\n<h2 class=\"mphb-room-type-title entry-title\">\n\n<a class=\"mphb-room-type-title\" href=\"https:\/\/art-des-sens-spa.fr\/index.php\/accommodation\/studio-avec-acces-a-lespace-bien-etre-privatifs\/\">Studio avec acc\u00e8s \u00e0 l&#8217;espace bien-\u00eatre privatifs<\/a>\n\n<\/h2>\n\n<p>Une nuit chez art des sens &#8230; une arriv\u00e9e au plus tard \u00e0 18h et un d\u00e9part au plus t\u00f4t \u00e0 10h<\/p>\n\n\n<h3 class=\"mphb-room-type-details-title\">Details<\/h3><ul class=\"mphb-loop-room-type-attributes\">\n\n\n\t<li class=\"mphb-room-type-adults-capacity\"><span class=\"mphb-attribute-title mphb-adults-title\">Adults:<\/span><span class=\"mphb-attribute-value\">\n\t2\n\t<\/span><\/li>\n\t\n\n\t<li class=\"mphb-room-type-children-capacity\"><span class=\"mphb-attribute-title mphb-children-title\">Children:<\/span><span class=\"mphb-attribute-value\">\n\t1\n\t<\/span><\/li>\n\t\n\n\n\n\n\n\n\n\n<\/ul>\n\n\t<p class=\"mphb-regular-price\"><strong>Prices start at:<\/strong>\n\t<span class=\"mphb-price\">160&nbsp;<span class=\"mphb-currency\">&euro;<\/span><\/span> <span class=\"mphb-price-period\" title=\"Choose dates to see relevant prices\">per night<\/span>\n\t<\/p>\n\t\n<p class=\"mphb-view-details-button-wrapper\">\n<a class=\"button mphb-view-details-button\" href=\"https:\/\/art-des-sens-spa.fr\/index.php\/accommodation\/studio-avec-acces-a-lespace-bien-etre-privatifs\/\" >View Details<\/a>\n<\/p>\n<div class=\"mphb-to-book-btn-wrapper\">\n<form action=\"https:\/\/art-des-sens-spa.fr\/index.php\/accommodation\/studio-avec-acces-a-lespace-bien-etre-privatifs\/#booking-form-694\" method=\"get\" ><button type=\"submit\" class=\"button mphb-book-button\" >Book<\/button><\/form>\n<br\/><\/div>\n\t\n<\/div>\n<\/div><\/div><\/div>\n<\/div>\n<\/div>\n<\/div>","protected":false},"excerpt":{"rendered":"","protected":false},"author":1,"featured_media":0,"parent":0,"menu_order":0,"comment_status":"closed","ping_status":"closed","template":"","meta":{"footnotes":""},"class_list":["post-422","page","type-page","status-publish","hentry"],"jetpack_sharing_enabled":true,"_links":{"self":[{"href":"https:\/\/art-des-sens-spa.fr\/index.php\/wp-json\/wp\/v2\/pages\/422","targetHints":{"allow":["GET"]}}],"collection":[{"href":"https:\/\/art-des-sens-spa.fr\/index.php\/wp-json\/wp\/v2\/pages"}],"about":[{"href":"https:\/\/art-des-sens-spa.fr\/index.php\/wp-json\/wp\/v2\/types\/page"}],"author":[{"embeddable":true,"href":"https:\/\/art-des-sens-spa.fr\/index.php\/wp-json\/wp\/v2\/users\/1"}],"replies":[{"embeddable":true,"href":"https:\/\/art-des-sens-spa.fr\/index.php\/wp-json\/wp\/v2\/comments?post=422"}],"version-history":[{"count":33,"href":"https:\/\/art-des-sens-spa.fr\/index.php\/wp-json\/wp\/v2\/pages\/422\/revisions"}],"predecessor-version":[{"id":734,"href":"https:\/\/art-des-sens-spa.fr\/index.php\/wp-json\/wp\/v2\/pages\/422\/revisions\/734"}],"wp:attachment":[{"href":"https:\/\/art-des-sens-spa.fr\/index.php\/wp-json\/wp\/v2\/media?parent=422"}],"curies":[{"name":"wp","href":"https:\/\/api.w.org\/{rel}","templated":true}]}}